{"id":1484,"date":"2021-03-16T10:14:37","date_gmt":"2021-03-16T09:14:37","guid":{"rendered":"http:\/\/entro.pl\/wordpress_005\/?page_id=1484"},"modified":"2026-01-30T17:03:45","modified_gmt":"2026-01-30T16:03:45","slug":"jak-korzystac","status":"publish","type":"page","link":"http:\/\/europralnia.pl\/?page_id=1484","title":{"rendered":"Jak korzysta\u0107?"},"content":{"rendered":"\t\t<div data-elementor-type=\"wp-page\" data-elementor-id=\"1484\" class=\"elementor elementor-1484\" data-elementor-settings=\"[]\">\n\t\t\t\t\t\t\t<div class=\"elementor-section-wrap\">\n\t\t\t\t\t\t\t<section class=\"elementor-section elementor-top-section elementor-element elementor-element-8789b0a elementor-section-boxed elementor-section-height-default elementor-section-height-default\" data-id=\"8789b0a\" data-element_type=\"section\">\n\t\t\t\t\t\t<div class=\"elementor-container elementor-column-gap-default\">\n\t\t\t\t\t<div class=\"elementor-column elementor-col-50 elementor-top-column elementor-element elementor-element-f8ec757\" data-id=\"f8ec757\" data-element_type=\"column\">\n\t\t\t<div class=\"elementor-widget-wrap elementor-element-populated\">\n\t\t\t\t\t\t\t\t<div class=\"elementor-element elementor-element-ad9ff62 elementor-position-left elementor-view-default elementor-vertical-align-top elementor-widget elementor-widget-icon-box\" data-id=\"ad9ff62\" data-element_type=\"widget\" data-widget_type=\"icon-box.default\">\n\t\t\t\t<div class=\"elementor-widget-container\">\n\t\t\t\t\t<div class=\"elementor-icon-box-wrapper\">\n\t\t\t\t\t\t<div class=\"elementor-icon-box-icon\">\n\t\t\t\t<span class=\"elementor-icon elementor-animation-\" >\n\t\t\t\t<i aria-hidden=\"true\" class=\"fas fa-people-arrows\"><\/i>\t\t\t\t<\/span>\n\t\t\t<\/div>\n\t\t\t\t\t\t<div class=\"elementor-icon-box-content\">\n\t\t\t\t<h3 class=\"elementor-icon-box-title\">\n\t\t\t\t\t<span >Tw\u00f3j wyb\u00f3r -  trzy mo\u017cliwo\u015bci<\/span>\n\t\t\t\t<\/h3>\n\t\t\t\t\t\t\t\t<p class=\"elementor-icon-box-description\">Zapraszamy do skorzystania z jednej z dost\u0119pnych opcji dostarczania i odbioru wykonywanych us\u0142ug<\/p>\n\t\t\t\t\t\t\t<\/div>\n\t\t<\/div>\n\t\t\t\t<\/div>\n\t\t\t\t<\/div>\n\t\t\t\t<div class=\"elementor-element elementor-element-fc6a1f4 elementor-widget-divider--view-line elementor-widget elementor-widget-divider\" data-id=\"fc6a1f4\" data-element_type=\"widget\" data-widget_type=\"divider.default\">\n\t\t\t\t<div class=\"elementor-widget-container\">\n\t\t\t\t\t<div class=\"elementor-divider\">\n\t\t\t<span class=\"elementor-divider-separator\">\n\t\t\t\t\t\t<\/span>\n\t\t<\/div>\n\t\t\t\t<\/div>\n\t\t\t\t<\/div>\n\t\t\t\t\t<\/div>\n\t\t<\/div>\n\t\t\t\t<div class=\"elementor-column elementor-col-50 elementor-top-column elementor-element elementor-element-af00bfa\" data-id=\"af00bfa\" data-element_type=\"column\">\n\t\t\t<div class=\"elementor-widget-wrap\">\n\t\t\t\t\t\t\t\t\t<\/div>\n\t\t<\/div>\n\t\t\t\t\t\t\t<\/div>\n\t\t<\/section>\n\t\t\t\t<section class=\"elementor-section elementor-top-section elementor-element elementor-element-acaf900 elementor-section-boxed elementor-section-height-default elementor-section-height-default\" data-id=\"acaf900\" data-element_type=\"section\">\n\t\t\t\t\t\t<div class=\"elementor-container elementor-column-gap-default\">\n\t\t\t\t\t<div class=\"elementor-column elementor-col-33 elementor-top-column elementor-element elementor-element-0561365\" data-id=\"0561365\" data-element_type=\"column\">\n\t\t\t<div class=\"elementor-widget-wrap elementor-element-populated\">\n\t\t\t\t\t\t\t\t<div class=\"elementor-element elementor-element-43aceea elementor-widget elementor-widget-image\" data-id=\"43aceea\" data-element_type=\"widget\" data-widget_type=\"image.default\">\n\t\t\t\t<div class=\"elementor-widget-container\">\n\t\t\t\t\t<div class=\"elementor-image\">\n\t\t\t\t\t\t\t\t\t\t<img width=\"300\" height=\"150\" src=\"http:\/\/europralnia.pl\/wp-content\/uploads\/2021\/03\/zd-08-300x150.jpg\" class=\"attachment-onepress-blog-small size-onepress-blog-small\" alt=\"\" loading=\"lazy\" \/>\t\t\t\t\t\t\t\t\t\t\t<\/div>\n\t\t\t\t<\/div>\n\t\t\t\t<\/div>\n\t\t\t\t\t<\/div>\n\t\t<\/div>\n\t\t\t\t<div class=\"elementor-column elementor-col-33 elementor-top-column elementor-element elementor-element-9c73846\" data-id=\"9c73846\" data-element_type=\"column\">\n\t\t\t<div class=\"elementor-widget-wrap elementor-element-populated\">\n\t\t\t\t\t\t\t\t<div class=\"elementor-element elementor-element-af6a28b elementor-widget elementor-widget-text-editor\" data-id=\"af6a28b\" data-element_type=\"widget\" data-widget_type=\"text-editor.default\">\n\t\t\t\t<div class=\"elementor-widget-container\">\n\t\t\t\t\t<div class=\"elementor-text-editor elementor-clearfix\"><p><strong>Szybko &#8211;\u00a0 pralnia g\u0142\u00f3wne miejsce wykonywania us\u0142ug<\/strong><br \/>Zapraszamy bezpo\u015brednio do\u00a0 naszej siedziby w kt\u00f3rej wykonywane s\u0105\u00a0 na miejscu wszystkie us\u0142ugi Dostarczaj\u0105c bezpo\u015brednio do miejsca wykonywania us\u0142ug macie Pa\u0144stwo pewno\u015b\u0107 wykonania szybkiej\u00a0 kompleksowej us\u0142ugi.<\/p>\n<p><a href=\"http:\/\/entro.pl\/wordpress_005\/?page_id=1523\">Zobacz gdzie jeste\u015bmy\u00a0 tu&#8230;&#8230;.<\/a><\/p><\/div>\n\t\t\t\t<\/div>\n\t\t\t\t<\/div>\n\t\t\t\t\t<\/div>\n\t\t<\/div>\n\t\t\t\t<div class=\"elementor-column elementor-col-33 elementor-top-column elementor-element elementor-element-b43b605\" data-id=\"b43b605\" data-element_type=\"column\">\n\t\t\t<div class=\"elementor-widget-wrap elementor-element-populated\">\n\t\t\t\t\t\t\t\t<div class=\"elementor-element elementor-element-edc8d04 elementor-view-stacked elementor-shape-square elementor-widget elementor-widget-icon\" data-id=\"edc8d04\" data-element_type=\"widget\" data-widget_type=\"icon.default\">\n\t\t\t\t<div class=\"elementor-widget-container\">\n\t\t\t\t\t<div class=\"elementor-icon-wrapper\">\n\t\t\t<div class=\"elementor-icon\">\n\t\t\t<i aria-hidden=\"true\" class=\"far fa-grin\"><\/i>\t\t\t<\/div>\n\t\t<\/div>\n\t\t\t\t<\/div>\n\t\t\t\t<\/div>\n\t\t\t\t\t<\/div>\n\t\t<\/div>\n\t\t\t\t\t\t\t<\/div>\n\t\t<\/section>\n\t\t\t\t<section class=\"elementor-section elementor-top-section elementor-element elementor-element-3a549dd elementor-section-boxed elementor-section-height-default elementor-section-height-default\" data-id=\"3a549dd\" data-element_type=\"section\">\n\t\t\t\t\t\t<div class=\"elementor-container elementor-column-gap-default\">\n\t\t\t\t\t<div class=\"elementor-column elementor-col-100 elementor-top-column elementor-element elementor-element-0dcc9df\" data-id=\"0dcc9df\" data-element_type=\"column\">\n\t\t\t<div class=\"elementor-widget-wrap elementor-element-populated\">\n\t\t\t\t\t\t\t\t<div class=\"elementor-element elementor-element-97a5434 elementor-widget-divider--view-line elementor-widget elementor-widget-divider\" data-id=\"97a5434\" data-element_type=\"widget\" data-widget_type=\"divider.default\">\n\t\t\t\t<div class=\"elementor-widget-container\">\n\t\t\t\t\t<div class=\"elementor-divider\">\n\t\t\t<span class=\"elementor-divider-separator\">\n\t\t\t\t\t\t<\/span>\n\t\t<\/div>\n\t\t\t\t<\/div>\n\t\t\t\t<\/div>\n\t\t\t\t\t<\/div>\n\t\t<\/div>\n\t\t\t\t\t\t\t<\/div>\n\t\t<\/section>\n\t\t\t\t<section class=\"elementor-section elementor-top-section elementor-element elementor-element-6567b1f elementor-section-boxed elementor-section-height-default elementor-section-height-default\" data-id=\"6567b1f\" data-element_type=\"section\">\n\t\t\t\t\t\t<div class=\"elementor-container elementor-column-gap-default\">\n\t\t\t\t\t<div class=\"elementor-column elementor-col-33 elementor-top-column elementor-element elementor-element-bc96769\" data-id=\"bc96769\" data-element_type=\"column\">\n\t\t\t<div class=\"elementor-widget-wrap elementor-element-populated\">\n\t\t\t\t\t\t\t\t<div class=\"elementor-element elementor-element-c49495e elementor-widget elementor-widget-image\" data-id=\"c49495e\" data-element_type=\"widget\" data-widget_type=\"image.default\">\n\t\t\t\t<div class=\"elementor-widget-container\">\n\t\t\t\t\t<div class=\"elementor-image\">\n\t\t\t\t\t\t\t\t\t\t<img width=\"633\" height=\"380\" src=\"http:\/\/europralnia.pl\/wp-content\/uploads\/2022\/01\/Lokal-handlowy.jpg\" class=\"attachment-large size-large\" alt=\"\" loading=\"lazy\" srcset=\"http:\/\/europralnia.pl\/wp-content\/uploads\/2022\/01\/Lokal-handlowy.jpg 633w, http:\/\/europralnia.pl\/wp-content\/uploads\/2022\/01\/Lokal-handlowy-300x180.jpg 300w\" sizes=\"(max-width: 633px) 100vw, 633px\" \/>\t\t\t\t\t\t\t\t\t\t\t<\/div>\n\t\t\t\t<\/div>\n\t\t\t\t<\/div>\n\t\t\t\t\t<\/div>\n\t\t<\/div>\n\t\t\t\t<div class=\"elementor-column elementor-col-33 elementor-top-column elementor-element elementor-element-4020973\" data-id=\"4020973\" data-element_type=\"column\">\n\t\t\t<div class=\"elementor-widget-wrap elementor-element-populated\">\n\t\t\t\t\t\t\t\t<div class=\"elementor-element elementor-element-c8a5210 elementor-widget elementor-widget-text-editor\" data-id=\"c8a5210\" data-element_type=\"widget\" data-widget_type=\"text-editor.default\">\n\t\t\t\t<div class=\"elementor-widget-container\">\n\t\t\t\t\t<div class=\"elementor-text-editor elementor-clearfix\"><p><strong>Blisko &#8211;\u00a0 \u00a0w jednym z punkt\u00f3w przyj\u0119\u0107 i odbioru<\/strong><br \/>Mog\u0105 Pa\u0144stwo\u00a0 odda\u0107 rzeczy do prania czyszczenia w\u00a0 jednym z punkt\u00f3w\u00a0 przyj\u0119\u0107 i odbioru zlokalizowanych w blisko was\u00a0 w wybranych miejscowao\u015bciach.\u00a0 Nasz transport dwa razy w tygodniu\u00a0 odbiera i dowozi us\u0142ugi do punkt\u00f3w<br \/><br \/>Lista punkt\u00f3w patrz:<br \/><br \/><\/p><\/div>\n\t\t\t\t<\/div>\n\t\t\t\t<\/div>\n\t\t\t\t\t<\/div>\n\t\t<\/div>\n\t\t\t\t<div class=\"elementor-column elementor-col-33 elementor-top-column elementor-element elementor-element-1a3a75c\" data-id=\"1a3a75c\" data-element_type=\"column\">\n\t\t\t<div class=\"elementor-widget-wrap elementor-element-populated\">\n\t\t\t\t\t\t\t\t<div class=\"elementor-element elementor-element-4025bb1 elementor-view-stacked elementor-shape-square elementor-widget elementor-widget-icon\" data-id=\"4025bb1\" data-element_type=\"widget\" data-widget_type=\"icon.default\">\n\t\t\t\t<div class=\"elementor-widget-container\">\n\t\t\t\t\t<div class=\"elementor-icon-wrapper\">\n\t\t\t<div class=\"elementor-icon\">\n\t\t\t<i aria-hidden=\"true\" class=\"fas fa-store-alt\"><\/i>\t\t\t<\/div>\n\t\t<\/div>\n\t\t\t\t<\/div>\n\t\t\t\t<\/div>\n\t\t\t\t\t<\/div>\n\t\t<\/div>\n\t\t\t\t\t\t\t<\/div>\n\t\t<\/section>\n\t\t\t\t<section class=\"elementor-section elementor-top-section elementor-element elementor-element-390f323 elementor-section-boxed elementor-section-height-default elementor-section-height-default\" data-id=\"390f323\" data-element_type=\"section\">\n\t\t\t\t\t\t<div class=\"elementor-container elementor-column-gap-default\">\n\t\t\t\t\t<div class=\"elementor-column elementor-col-100 elementor-top-column elementor-element elementor-element-6a96bcb\" data-id=\"6a96bcb\" data-element_type=\"column\">\n\t\t\t<div class=\"elementor-widget-wrap elementor-element-populated\">\n\t\t\t\t\t\t\t\t<div class=\"elementor-element elementor-element-f4bd2b4 elementor-widget-divider--view-line elementor-widget elementor-widget-divider\" data-id=\"f4bd2b4\" data-element_type=\"widget\" data-widget_type=\"divider.default\">\n\t\t\t\t<div class=\"elementor-widget-container\">\n\t\t\t\t\t<div class=\"elementor-divider\">\n\t\t\t<span class=\"elementor-divider-separator\">\n\t\t\t\t\t\t<\/span>\n\t\t<\/div>\n\t\t\t\t<\/div>\n\t\t\t\t<\/div>\n\t\t\t\t\t<\/div>\n\t\t<\/div>\n\t\t\t\t\t\t\t<\/div>\n\t\t<\/section>\n\t\t\t\t<section class=\"elementor-section elementor-top-section elementor-element elementor-element-bdcd565 elementor-section-boxed elementor-section-height-default elementor-section-height-default\" data-id=\"bdcd565\" data-element_type=\"section\">\n\t\t\t\t\t\t<div class=\"elementor-container elementor-column-gap-default\">\n\t\t\t\t\t<div class=\"elementor-column elementor-col-33 elementor-top-column elementor-element elementor-element-1528634\" data-id=\"1528634\" data-element_type=\"column\">\n\t\t\t<div class=\"elementor-widget-wrap elementor-element-populated\">\n\t\t\t\t\t\t\t\t<div class=\"elementor-element elementor-element-bab4dec elementor-widget elementor-widget-image\" data-id=\"bab4dec\" data-element_type=\"widget\" data-widget_type=\"image.default\">\n\t\t\t\t<div class=\"elementor-widget-container\">\n\t\t\t\t\t<div class=\"elementor-image\">\n\t\t\t\t\t\t\t\t\t\t<img width=\"495\" height=\"260\" src=\"http:\/\/europralnia.pl\/wp-content\/uploads\/2022\/01\/transit-podluzny-maly.jpg\" class=\"attachment-large size-large\" alt=\"\" loading=\"lazy\" srcset=\"http:\/\/europralnia.pl\/wp-content\/uploads\/2022\/01\/transit-podluzny-maly.jpg 495w, http:\/\/europralnia.pl\/wp-content\/uploads\/2022\/01\/transit-podluzny-maly-300x158.jpg 300w\" sizes=\"(max-width: 495px) 100vw, 495px\" \/>\t\t\t\t\t\t\t\t\t\t\t<\/div>\n\t\t\t\t<\/div>\n\t\t\t\t<\/div>\n\t\t\t\t\t<\/div>\n\t\t<\/div>\n\t\t\t\t<div class=\"elementor-column elementor-col-33 elementor-top-column elementor-element elementor-element-9b46586\" data-id=\"9b46586\" data-element_type=\"column\">\n\t\t\t<div class=\"elementor-widget-wrap elementor-element-populated\">\n\t\t\t\t\t\t\t\t<div class=\"elementor-element elementor-element-6a938ab elementor-widget elementor-widget-text-editor\" data-id=\"6a938ab\" data-element_type=\"widget\" data-widget_type=\"text-editor.default\">\n\t\t\t\t<div class=\"elementor-widget-container\">\n\t\t\t\t\t<div class=\"elementor-text-editor elementor-clearfix\"><p><strong>Wygodnie &#8211; us\u0142uga na telefon<\/strong><br \/>Pranie na Telefon, to propozycja, kt\u00f3ra wychodzi naprzeciw Pa\u0144stwa oczekiwaniom. Nasz kierowca odbierze od Pa\u0144stwa w um\u00f3wionym terminie rzeczy do prania i dostarczy w wygodnym czasie z powrotem. Op\u0142ata\u00a0 za odbi\u00f3r\u00a0 i dow\u00f3z zgodna z obowi\u0105zuj\u0105cym cennikiem.<br \/><br \/><br \/><\/p><\/div>\n\t\t\t\t<\/div>\n\t\t\t\t<\/div>\n\t\t\t\t\t<\/div>\n\t\t<\/div>\n\t\t\t\t<div class=\"elementor-column elementor-col-33 elementor-top-column elementor-element elementor-element-4409eb9\" data-id=\"4409eb9\" data-element_type=\"column\">\n\t\t\t<div class=\"elementor-widget-wrap elementor-element-populated\">\n\t\t\t\t\t\t\t\t<div class=\"elementor-element elementor-element-36fd7d0 elementor-view-stacked elementor-shape-square elementor-widget elementor-widget-icon\" data-id=\"36fd7d0\" data-element_type=\"widget\" data-widget_type=\"icon.default\">\n\t\t\t\t<div class=\"elementor-widget-container\">\n\t\t\t\t\t<div class=\"elementor-icon-wrapper\">\n\t\t\t<div class=\"elementor-icon\">\n\t\t\t<i aria-hidden=\"true\" class=\"fas fa-car\"><\/i>\t\t\t<\/div>\n\t\t<\/div>\n\t\t\t\t<\/div>\n\t\t\t\t<\/div>\n\t\t\t\t\t<\/div>\n\t\t<\/div>\n\t\t\t\t\t\t\t<\/div>\n\t\t<\/section>\n\t\t\t\t<section class=\"elementor-section elementor-top-section elementor-element elementor-element-305d5f53 elementor-section-boxed elementor-section-height-default elementor-section-height-default\" data-id=\"305d5f53\" data-element_type=\"section\">\n\t\t\t\t\t\t<div class=\"elementor-container elementor-column-gap-default\">\n\t\t\t\t\t<div class=\"elementor-column elementor-col-100 elementor-top-column elementor-element elementor-element-365d4019\" data-id=\"365d4019\" data-element_type=\"column\">\n\t\t\t<div class=\"elementor-widget-wrap elementor-element-populated\">\n\t\t\t\t\t\t\t\t<div class=\"elementor-element elementor-element-5bce530c elementor-widget elementor-widget-text-editor\" data-id=\"5bce530c\" data-element_type=\"widget\" data-widget_type=\"text-editor.default\">\n\t\t\t\t<div class=\"elementor-widget-container\">\n\t\t\t\t\t<div class=\"elementor-text-editor elementor-clearfix\"><p><!-- wp:paragraph --><\/p>\n<p>Nasz system polega na dzia\u0142aniu&nbsp;wielotorowym&nbsp;przez co&nbsp;jeste\u015bmy&nbsp;blisko Ciebie, aby\u015b m\u00f3g\u0142 zaoszcz\u0119dzi\u0107 sw\u00f3j czas i pieni\u0105dze.<br>Masz do wyboru kilka wariant\u00f3w dostarczania i odbioru, r\u00f3\u017cne poziomy cenowe&nbsp;oraz wiele ciekawych&nbsp;promocji i program zbierania punkt\u00f3w.<br><\/p>\n<p><!-- \/wp:paragraph --><\/p>\n<p><!-- wp:paragraph --><\/p>\n<p><strong>1. Dostarczasz i odbierasz&nbsp;<br><\/strong>Dostarczasz i odbierasz&nbsp;bezpo\u015brednio&nbsp;w naszej plac\u00f3wce w DG.&nbsp;Dostarczasz do godz.10.00&nbsp;odbierasz w tym&nbsp;samym dniu, lub w trybie ekspress w ci\u0105gu 2 h.&nbsp;<br>Pracujemy :<br>poniedzia\u0142ek&nbsp; 7,00 \u2013 16,30<br>wtorek&nbsp; &nbsp; &nbsp; &nbsp; &nbsp; &nbsp; 7,00 \u2013 16,30<br>\u015broda&nbsp; &nbsp; &nbsp; &nbsp; &nbsp; &nbsp; &nbsp; 7,00 \u2013 16,30<br><strong>czwartek&nbsp;<\/strong>&nbsp; &nbsp; &nbsp;<strong>&nbsp;7,00 \u2013 17,30<\/strong><br>pi\u0105tek&nbsp; &nbsp; &nbsp; &nbsp; &nbsp; &nbsp; &nbsp;7,00 \u2013 16,30<br><br><br><strong>2. Dostarczasz&nbsp;&nbsp;a my&nbsp;dowozimy<br><\/strong>Dostarczasz a my dowozimy pod wskazany adres w dogodnych dla Ciebie godzinach.<br>Miasta obs\u0142ugiwane :&nbsp;D\u0105browa G\u00f3rnicza, B\u0119dzin, Czelad\u017a, Sosnowiec, Katowice.<br><br><br><strong>3. Dostarczasz i odbierasz w punktach przyj\u0119\u0107&nbsp;<br><\/strong>Mo\u017cesz odda\u0107 i odebra\u0107 do jednego ze<a href=\"http:\/\/www.europralnia.pl\/lista_punktow_przyjec-19-s.html#hop\">&nbsp;30 punkt\u00f3w przyj\u0119\u0107.<\/a>&nbsp; Punkty przyj\u0119\u0107 zlokalizowane s\u0105 w plac\u00f3wkach&nbsp;handlowych na terenie woj. \u015al\u0105skiego i Ma\u0142opolskiego , dzia\u0142aj\u0105 jako nasi partnerzy i po\u015brednicz\u0105 w us\u0142ugach<em>.<br><br><br><\/em><strong>4. Na telefon<br><\/strong>Dzwonisz zamawiasz , my&nbsp;zajmiemy si\u0119 wszystkim odbierzemy i dostarczamy pod wskazany adres. Miasta obs\u0142ugiwane:&nbsp; D\u0105browa G\u00f3rnicza, B\u0119dzin, Czelad\u017a, Sosnowiec, Katowice.<br><br><br><strong>5. Abonament<br><\/strong>Z&nbsp;<a href=\"http:\/\/www.europralnia.pl\/abonament-15-s.html#hop\">abonamentem<\/a>&nbsp;zyskujesz&nbsp;do 40% upustu, my &nbsp;zajmiemy si\u0119 wszystkim. Systematycznie odbieramy i dostarczamy pod wskazany adres w okre\u015blone dni . Wystarczy z\u0142o\u017cy\u0107 sta\u0142e zlecenie.<br><br><br>Pami\u0119taj \u017ce jeste\u015bmy elastyczni i otwarci na twoje potrzeby i propozycje !<br><br>Z&nbsp;technologi\u0105 czyszczenia i prania odzie\u017cy,&nbsp;farbowania odzie\u017cy&nbsp;sk\u00f3rzanej, czyszczenia dywan\u00f3w&nbsp;zapoznasz si\u0119&nbsp;w zak\u0142adce:<a href=\"http:\/\/www.europralnia.pl\/pytania-13-s.html#hop\">&nbsp;pytania i odpowiedzi&nbsp;<\/a>. Znajdziesz tam r\u00f3wnie\u017c odpowiedzi i zalecenia dot. korzystania z naszych us\u0142ug oraz&nbsp;<a href=\"http:\/\/www.europralnia.pl\/terminy_realizacji-23-s.html#hop\">terminy&nbsp;realizacji.<\/a>&nbsp;&nbsp;Dodatkowych informacji udziel\u0105 Ci nasi pracownicy pod nr. tel. 32 307 7716 (telefon stacjonarny)<\/p>\n<p><!-- \/wp:paragraph --><\/p><\/div>\n\t\t\t\t<\/div>\n\t\t\t\t<\/div>\n\t\t\t\t\t<\/div>\n\t\t<\/div>\n\t\t\t\t\t\t\t<\/div>\n\t\t<\/section>\n\t\t\t\t\t\t<\/div>\n\t\t\t\t\t<\/div>\n\t\t","protected":false},"excerpt":{"rendered":"<p>Tw\u00f3j wyb\u00f3r &#8211; trzy mo\u017cliwo\u015bci Zapraszamy do skorzystania z jednej z dost\u0119pnych opcji dostarczania i odbioru wykonywanych us\u0142ug Szybko &#8211;\u00a0 pralnia g\u0142\u00f3wne miejsce wykonywania us\u0142ugZapraszamy bezpo\u015brednio do\u00a0 naszej siedziby w &#8230;<\/p>\n","protected":false},"author":1,"featured_media":0,"parent":0,"menu_order":0,"comment_status":"closed","ping_status":"closed","template":"template-fullwidth-stretched.php","meta":[],"_links":{"self":[{"href":"http:\/\/europralnia.pl\/index.php?rest_route=\/wp\/v2\/pages\/1484"}],"collection":[{"href":"http:\/\/europralnia.pl\/index.php?rest_route=\/wp\/v2\/pages"}],"about":[{"href":"http:\/\/europralnia.pl\/index.php?rest_route=\/wp\/v2\/types\/page"}],"author":[{"embeddable":true,"href":"http:\/\/europralnia.pl\/index.php?rest_route=\/wp\/v2\/users\/1"}],"replies":[{"embeddable":true,"href":"http:\/\/europralnia.pl\/index.php?rest_route=%2Fwp%2Fv2%2Fcomments&post=1484"}],"version-history":[{"count":54,"href":"http:\/\/europralnia.pl\/index.php?rest_route=\/wp\/v2\/pages\/1484\/revisions"}],"predecessor-version":[{"id":3342,"href":"http:\/\/europralnia.pl\/index.php?rest_route=\/wp\/v2\/pages\/1484\/revisions\/3342"}],"wp:attachment":[{"href":"http:\/\/europralnia.pl\/index.php?rest_route=%2Fwp%2Fv2%2Fmedia&parent=1484"}],"curies":[{"name":"wp","href":"https:\/\/api.w.org\/{rel}","templated":true}]}}