{"id":1487,"date":"2021-03-16T10:16:38","date_gmt":"2021-03-16T09:16:38","guid":{"rendered":"http:\/\/entro.pl\/wordpress_005\/?page_id=1487"},"modified":"2026-01-30T17:02:36","modified_gmt":"2026-01-30T16:02:36","slug":"promocje","status":"publish","type":"page","link":"http:\/\/europralnia.pl\/?page_id=1487","title":{"rendered":"Punkty przyj\u0119\u0107 i odbioru"},"content":{"rendered":"\t\t<div data-elementor-type=\"wp-page\" data-elementor-id=\"1487\" class=\"elementor elementor-1487\" data-elementor-settings=\"[]\">\n\t\t\t\t\t\t\t<div class=\"elementor-section-wrap\">\n\t\t\t\t\t\t\t<section class=\"elementor-section elementor-top-section elementor-element elementor-element-50c78072 elementor-section-boxed elementor-section-height-default elementor-section-height-default\" data-id=\"50c78072\" data-element_type=\"section\">\n\t\t\t\t\t\t<div class=\"elementor-container elementor-column-gap-default\">\n\t\t\t\t\t<div class=\"elementor-column elementor-col-100 elementor-top-column elementor-element elementor-element-62204b86\" data-id=\"62204b86\" data-element_type=\"column\">\n\t\t\t<div class=\"elementor-widget-wrap elementor-element-populated\">\n\t\t\t\t\t\t\t\t<div class=\"elementor-element elementor-element-7aa7b231 elementor-widget elementor-widget-text-editor\" data-id=\"7aa7b231\" data-element_type=\"widget\" data-widget_type=\"text-editor.default\">\n\t\t\t\t<div class=\"elementor-widget-container\">\n\t\t\t\t\t<div class=\"elementor-text-editor elementor-clearfix\"><div class=\"elementor-element elementor-element-1b351f48 elementor-widget elementor-widget-text-editor\" data-id=\"1b351f48\" data-element_type=\"widget\" data-widget_type=\"text-editor.default\">\n<div class=\"elementor-widget-container\">\n<div class=\"elementor-text-editor elementor-clearfix\">\n<p><strong>Lista Punkt\u00f3w Przyj\u0119\u0107<\/strong><\/p>\n<p><strong>Europralnia<\/strong><br><strong>D\u0105browa G\u00f3rnicza ( Reden )<\/strong><br><strong>ul. 1 Maja 38<br>Centrum Pralnicze Europralnia&nbsp;<br>Pracujemy :<\/strong><\/p>\n<p>poniedzia\u0142ek&nbsp; 7,00 \u2013 16,30<br>wtorek&nbsp; &nbsp; &nbsp; &nbsp; &nbsp; &nbsp; 7,00 \u2013 16,30<br>\u015broda&nbsp; &nbsp; &nbsp; &nbsp; &nbsp; &nbsp; &nbsp; 7,00 \u2013 16,30<br>czwartek&nbsp; &nbsp; &nbsp; &nbsp; 7,00 \u2013 17,30<br>pi\u0105tek&nbsp; &nbsp; &nbsp; &nbsp; &nbsp; &nbsp; &nbsp;7,00 \u2013 16,30&nbsp;<\/p>\n<p><strong>Adresy Punkt\u00f3w Przyj\u0119\u0107 w poszczeg\u00f3lnych miastach dost\u0119pne:<\/strong><br><strong>pod nr. tel. 32 307 77 16<\/strong><\/p>\n<p>B\u0119dzin<br>B\u0119dzin \u2013 Grodziec<br>Bieru\u0144<br>Bobrowniki<br>Boles\u0142aw<br>Bukowno<br>Bytom<br>Chrzan\u00f3w<br>Czelad\u017a<br>Imielin<br>Jaworzno<br>Jaroszowiec<br>Katowice<br>Klucze<br>L\u0119dziny<br>Libi\u0105\u017c<br>Mys\u0142owice<br>Niegowonice<br>Ogrodzieniec<br>O\u015bwi\u0119cim<br>Olkusz<br><span style=\"font-size: 0.875rem;\">Piekary \u015al\u0105skie<br><\/span><span style=\"font-size: 0.875rem;\">Por\u0119ba<br><\/span><span style=\"font-size: 0.875rem;\">Sosnowiec<br><\/span><span style=\"font-size: 0.875rem;\">Trzebinia<br><\/span><span style=\"font-size: 0.875rem;\">Wojkowice<br><\/span><span style=\"font-size: 0.875rem;\">Zawiercie<\/span><\/p>\n<\/div>\n<\/div>\n<\/div>\n<section class=\"elementor-section elementor-inner-section elementor-element elementor-element-b191a91 elementor-section-boxed elementor-section-height-default elementor-section-height-default\" data-id=\"b191a91\" data-element_type=\"section\">\n<div class=\"elementor-container elementor-column-gap-default\">\n<div class=\"elementor-column elementor-col-50 elementor-inner-column elementor-element elementor-element-defdfc3\" data-id=\"defdfc3\" data-element_type=\"column\">\n<div class=\"elementor-widget-wrap elementor-element-populated\">\n<div class=\"elementor-element elementor-element-a510985 elementor-widget elementor-widget-text-editor\" data-id=\"a510985\" data-element_type=\"widget\" data-widget_type=\"text-editor.default\">\n<div class=\"elementor-widget-container\">\n<div class=\"elementor-text-editor elementor-clearfix\">\n<p>Je\u015bli nie znalaz\u0142e\u015b punktu przyj\u0119\u0107 w twojej miejscowo\u015bci&nbsp; lub jest zbytnio oddalony, zam\u00f3w us\u0142ug\u0119 , odbierzemy i dostarczymy pod wskazany adres .<br>Tel. 32 307 77 16<\/p>\n<\/div>\n<\/div>\n<\/div>\n<\/div>\n<\/div>\n<\/div>\n<\/section><\/div>\n\t\t\t\t<\/div>\n\t\t\t\t<\/div>\n\t\t\t\t\t<\/div>\n\t\t<\/div>\n\t\t\t\t\t\t\t<\/div>\n\t\t<\/section>\n\t\t\t\t\t\t<\/div>\n\t\t\t\t\t<\/div>\n\t\t","protected":false},"excerpt":{"rendered":"<p>Lista Punkt\u00f3w Przyj\u0119\u0107 EuropralniaD\u0105browa G\u00f3rnicza ( Reden )ul. 1 Maja 38Centrum Pralnicze Europralnia&nbsp;Pracujemy : poniedzia\u0142ek&nbsp; 7,00 \u2013 16,30wtorek&nbsp; &nbsp; &nbsp; &nbsp; &nbsp; &nbsp; 7,00 \u2013 16,30\u015broda&nbsp; &nbsp; &nbsp; &nbsp; &nbsp; &#8230;<\/p>\n","protected":false},"author":1,"featured_media":0,"parent":0,"menu_order":0,"comment_status":"closed","ping_status":"closed","template":"elementor_theme","meta":[],"_links":{"self":[{"href":"http:\/\/europralnia.pl\/index.php?rest_route=\/wp\/v2\/pages\/1487"}],"collection":[{"href":"http:\/\/europralnia.pl\/index.php?rest_route=\/wp\/v2\/pages"}],"about":[{"href":"http:\/\/europralnia.pl\/index.php?rest_route=\/wp\/v2\/types\/page"}],"author":[{"embeddable":true,"href":"http:\/\/europralnia.pl\/index.php?rest_route=\/wp\/v2\/users\/1"}],"replies":[{"embeddable":true,"href":"http:\/\/europralnia.pl\/index.php?rest_route=%2Fwp%2Fv2%2Fcomments&post=1487"}],"version-history":[{"count":14,"href":"http:\/\/europralnia.pl\/index.php?rest_route=\/wp\/v2\/pages\/1487\/revisions"}],"predecessor-version":[{"id":3336,"href":"http:\/\/europralnia.pl\/index.php?rest_route=\/wp\/v2\/pages\/1487\/revisions\/3336"}],"wp:attachment":[{"href":"http:\/\/europralnia.pl\/index.php?rest_route=%2Fwp%2Fv2%2Fmedia&parent=1487"}],"curies":[{"name":"wp","href":"https:\/\/api.w.org\/{rel}","templated":true}]}}